{"id":12246,"date":"2022-01-07T09:48:04","date_gmt":"2022-01-07T08:48:04","guid":{"rendered":"https:\/\/grupatarczynski.pl\/?page_id=12246"},"modified":"2022-10-07T12:29:37","modified_gmt":"2022-10-07T10:29:37","slug":"home","status":"publish","type":"page","link":"https:\/\/grupatarczynski.pl\/lt\/","title":{"rendered":"Home"},"content":{"rendered":"","protected":false},"excerpt":{"rendered":"","protected":false},"author":1,"featured_media":0,"parent":0,"menu_order":0,"comment_status":"closed","ping_status":"closed","template":"","meta":{"_acf_changed":false,"footnotes":""},"class_list":["post-12246","page","type-page","status-publish","hentry"],"acf":[],"yoast_head":"<!-- This site is optimized with the Yoast SEO plugin v27.1.1 - https:\/\/yoast.com\/product\/yoast-seo-wordpress\/ -->\n<title>Grupa Tarczy\u0144ski<\/title>\n<meta name=\"description\" content=\"Tarczy\u0144ski S.A. to innowacyjny producent wysokiej jako\u015bci w\u0119dlin, kabanos\u00f3w, par\u00f3wek i przek\u0105sek bia\u0142kowych.\" \/>\n<meta name=\"robots\" content=\"index, follow, max-snippet:-1, max-image-preview:large, max-video-preview:-1\" \/>\n<link rel=\"canonical\" href=\"https:\/\/grupatarczynski.pl\/lt\/\" \/>\n<meta property=\"og:locale\" content=\"lt_LT\" \/>\n<meta property=\"og:type\" content=\"article\" \/>\n<meta property=\"og:title\" content=\"Grupa Tarczy\u0144ski\" \/>\n<meta property=\"og:description\" content=\"Tarczy\u0144ski S.A. to innowacyjny producent wysokiej jako\u015bci w\u0119dlin, kabanos\u00f3w, par\u00f3wek i przek\u0105sek bia\u0142kowych.\" \/>\n<meta property=\"og:url\" content=\"https:\/\/grupatarczynski.pl\/lt\/\" \/>\n<meta property=\"og:site_name\" content=\"Grupa Tarczy\u0144ski\" \/>\n<meta property=\"article:modified_time\" content=\"2022-10-07T10:29:37+00:00\" \/>\n<meta name=\"twitter:card\" content=\"summary_large_image\" \/>\n<script type=\"application\/ld+json\" class=\"yoast-schema-graph\">{\"@context\":\"https:\/\/schema.org\",\"@graph\":[{\"@type\":\"WebPage\",\"@id\":\"https:\/\/grupatarczynski.pl\/lt\/\",\"url\":\"https:\/\/grupatarczynski.pl\/lt\/\",\"name\":\"Grupa Tarczy\u0144ski\",\"isPartOf\":{\"@id\":\"https:\/\/grupatarczynski.pl\/#website\"},\"datePublished\":\"2022-01-07T08:48:04+00:00\",\"dateModified\":\"2022-10-07T10:29:37+00:00\",\"description\":\"Tarczy\u0144ski S.A. to innowacyjny producent wysokiej jako\u015bci w\u0119dlin, kabanos\u00f3w, par\u00f3wek i przek\u0105sek bia\u0142kowych.\",\"breadcrumb\":{\"@id\":\"https:\/\/grupatarczynski.pl\/lt\/#breadcrumb\"},\"inLanguage\":\"lt-LT\",\"potentialAction\":[{\"@type\":\"ReadAction\",\"target\":[\"https:\/\/grupatarczynski.pl\/lt\/\"]}]},{\"@type\":\"BreadcrumbList\",\"@id\":\"https:\/\/grupatarczynski.pl\/lt\/#breadcrumb\",\"itemListElement\":[{\"@type\":\"ListItem\",\"position\":1,\"name\":\"Strona g\u0142\u00f3wna\",\"item\":\"https:\/\/grupatarczynski.pl\/lt\/\"},{\"@type\":\"ListItem\",\"position\":2,\"name\":\"Home\"}]},{\"@type\":\"WebSite\",\"@id\":\"https:\/\/grupatarczynski.pl\/#website\",\"url\":\"https:\/\/grupatarczynski.pl\/\",\"name\":\"Grupa Tarczy\u0144ski\",\"description\":\"\",\"publisher\":{\"@id\":\"https:\/\/grupatarczynski.pl\/#organization\"},\"potentialAction\":[{\"@type\":\"SearchAction\",\"target\":{\"@type\":\"EntryPoint\",\"urlTemplate\":\"https:\/\/grupatarczynski.pl\/?s={search_term_string}\"},\"query-input\":{\"@type\":\"PropertyValueSpecification\",\"valueRequired\":true,\"valueName\":\"search_term_string\"}}],\"inLanguage\":\"lt-LT\"},{\"@type\":\"Organization\",\"@id\":\"https:\/\/grupatarczynski.pl\/#organization\",\"name\":\"Grupa Tarczy\u0144ski\",\"url\":\"https:\/\/grupatarczynski.pl\/\",\"logo\":{\"@type\":\"ImageObject\",\"inLanguage\":\"lt-LT\",\"@id\":\"https:\/\/grupatarczynski.pl\/#\/schema\/logo\/image\/\",\"url\":\"https:\/\/grupatarczynski.pl\/wp-content\/uploads\/2020\/08\/tarczynski_logo.png\",\"contentUrl\":\"https:\/\/grupatarczynski.pl\/wp-content\/uploads\/2020\/08\/tarczynski_logo.png\",\"width\":306,\"height\":183,\"caption\":\"Grupa Tarczy\u0144ski\"},\"image\":{\"@id\":\"https:\/\/grupatarczynski.pl\/#\/schema\/logo\/image\/\"}}]}<\/script>\n<!-- \/ Yoast SEO plugin. -->","yoast_head_json":{"title":"Grupa Tarczy\u0144ski","description":"Tarczy\u0144ski S.A. to innowacyjny producent wysokiej jako\u015bci w\u0119dlin, kabanos\u00f3w, par\u00f3wek i przek\u0105sek bia\u0142kowych.","robots":{"index":"index","follow":"follow","max-snippet":"max-snippet:-1","max-image-preview":"max-image-preview:large","max-video-preview":"max-video-preview:-1"},"canonical":"https:\/\/grupatarczynski.pl\/lt\/","og_locale":"lt_LT","og_type":"article","og_title":"Grupa Tarczy\u0144ski","og_description":"Tarczy\u0144ski S.A. to innowacyjny producent wysokiej jako\u015bci w\u0119dlin, kabanos\u00f3w, par\u00f3wek i przek\u0105sek bia\u0142kowych.","og_url":"https:\/\/grupatarczynski.pl\/lt\/","og_site_name":"Grupa Tarczy\u0144ski","article_modified_time":"2022-10-07T10:29:37+00:00","twitter_card":"summary_large_image","schema":{"@context":"https:\/\/schema.org","@graph":[{"@type":"WebPage","@id":"https:\/\/grupatarczynski.pl\/lt\/","url":"https:\/\/grupatarczynski.pl\/lt\/","name":"Grupa Tarczy\u0144ski","isPartOf":{"@id":"https:\/\/grupatarczynski.pl\/#website"},"datePublished":"2022-01-07T08:48:04+00:00","dateModified":"2022-10-07T10:29:37+00:00","description":"Tarczy\u0144ski S.A. to innowacyjny producent wysokiej jako\u015bci w\u0119dlin, kabanos\u00f3w, par\u00f3wek i przek\u0105sek bia\u0142kowych.","breadcrumb":{"@id":"https:\/\/grupatarczynski.pl\/lt\/#breadcrumb"},"inLanguage":"lt-LT","potentialAction":[{"@type":"ReadAction","target":["https:\/\/grupatarczynski.pl\/lt\/"]}]},{"@type":"BreadcrumbList","@id":"https:\/\/grupatarczynski.pl\/lt\/#breadcrumb","itemListElement":[{"@type":"ListItem","position":1,"name":"Strona g\u0142\u00f3wna","item":"https:\/\/grupatarczynski.pl\/lt\/"},{"@type":"ListItem","position":2,"name":"Home"}]},{"@type":"WebSite","@id":"https:\/\/grupatarczynski.pl\/#website","url":"https:\/\/grupatarczynski.pl\/","name":"Grupa Tarczy\u0144ski","description":"","publisher":{"@id":"https:\/\/grupatarczynski.pl\/#organization"},"potentialAction":[{"@type":"SearchAction","target":{"@type":"EntryPoint","urlTemplate":"https:\/\/grupatarczynski.pl\/?s={search_term_string}"},"query-input":{"@type":"PropertyValueSpecification","valueRequired":true,"valueName":"search_term_string"}}],"inLanguage":"lt-LT"},{"@type":"Organization","@id":"https:\/\/grupatarczynski.pl\/#organization","name":"Grupa Tarczy\u0144ski","url":"https:\/\/grupatarczynski.pl\/","logo":{"@type":"ImageObject","inLanguage":"lt-LT","@id":"https:\/\/grupatarczynski.pl\/#\/schema\/logo\/image\/","url":"https:\/\/grupatarczynski.pl\/wp-content\/uploads\/2020\/08\/tarczynski_logo.png","contentUrl":"https:\/\/grupatarczynski.pl\/wp-content\/uploads\/2020\/08\/tarczynski_logo.png","width":306,"height":183,"caption":"Grupa Tarczy\u0144ski"},"image":{"@id":"https:\/\/grupatarczynski.pl\/#\/schema\/logo\/image\/"}}]}},"_links":{"self":[{"href":"https:\/\/grupatarczynski.pl\/lt\/wp-json\/wp\/v2\/pages\/12246","targetHints":{"allow":["GET"]}}],"collection":[{"href":"https:\/\/grupatarczynski.pl\/lt\/wp-json\/wp\/v2\/pages"}],"about":[{"href":"https:\/\/grupatarczynski.pl\/lt\/wp-json\/wp\/v2\/types\/page"}],"author":[{"embeddable":true,"href":"https:\/\/grupatarczynski.pl\/lt\/wp-json\/wp\/v2\/users\/1"}],"replies":[{"embeddable":true,"href":"https:\/\/grupatarczynski.pl\/lt\/wp-json\/wp\/v2\/comments?post=12246"}],"version-history":[{"count":17,"href":"https:\/\/grupatarczynski.pl\/lt\/wp-json\/wp\/v2\/pages\/12246\/revisions"}],"predecessor-version":[{"id":15769,"href":"https:\/\/grupatarczynski.pl\/lt\/wp-json\/wp\/v2\/pages\/12246\/revisions\/15769"}],"wp:attachment":[{"href":"https:\/\/grupatarczynski.pl\/lt\/wp-json\/wp\/v2\/media?parent=12246"}],"curies":[{"name":"wp","href":"https:\/\/api.w.org\/{rel}","templated":true}]}}